{"id":142,"date":"2021-01-14T14:22:27","date_gmt":"2021-01-14T14:22:27","guid":{"rendered":"http:\/\/nausbcn.cat\/nova\/pagina-ejemplo\/"},"modified":"2024-06-13T13:20:27","modified_gmt":"2024-06-13T13:20:27","slug":"pagina-ejemplo","status":"publish","type":"page","link":"https:\/\/nausbcn.cat\/es\/","title":{"rendered":"Inici"},"content":{"rendered":"<p>Desde 1989, <strong>nausbcn<\/strong> se ha establecido como una empresa familiar que destaca por su visi\u00f3n a largo plazo. Nuestra actividad principal es la compra de terrenos y la construcci\u00f3n de naves industriales y log\u00edsticas con criterios sostenibles. Mediante esta estrategia, deseamos contribuir a un desarrollo econ\u00f3mico respetuoso con el medio ambiente y la sociedad en general.<\/p>\n","protected":false},"excerpt":{"rendered":"<p>Desde 1989, nausbcn se ha establecido como una empresa familiar que destaca por su visi\u00f3n a largo plazo. Nuestra actividad principal es la compra de terrenos y la construcci\u00f3n de naves industriales y log\u00edsticas con criterios sostenibles. Mediante esta estrategia, deseamos contribuir a un desarrollo econ\u00f3mico respetuoso con el medio ambiente y la sociedad en [&hellip;]<\/p>\n","protected":false},"author":1,"featured_media":0,"parent":0,"menu_order":0,"comment_status":"closed","ping_status":"open","template":"front-page.php","meta":{"_acf_changed":false,"footnotes":""},"class_list":["post-142","page","type-page","status-publish","hentry"],"acf":[],"yoast_head":"<!-- This site is optimized with the Yoast SEO plugin v27.3 - https:\/\/yoast.com\/product\/yoast-seo-wordpress\/ -->\n<title>Inici - Naus Barcelona<\/title>\n<meta name=\"robots\" content=\"index, follow, max-snippet:-1, max-image-preview:large, max-video-preview:-1\" \/>\n<link rel=\"canonical\" href=\"https:\/\/nausbcn.cat\/es\/\" \/>\n<meta property=\"og:locale\" content=\"es_ES\" \/>\n<meta property=\"og:type\" content=\"article\" \/>\n<meta property=\"og:title\" content=\"Inici - Naus Barcelona\" \/>\n<meta property=\"og:description\" content=\"Desde 1989, nausbcn se ha establecido como una empresa familiar que destaca por su visi\u00f3n a largo plazo. Nuestra actividad principal es la compra de terrenos y la construcci\u00f3n de naves industriales y log\u00edsticas con criterios sostenibles. Mediante esta estrategia, deseamos contribuir a un desarrollo econ\u00f3mico respetuoso con el medio ambiente y la sociedad en [&hellip;]\" \/>\n<meta property=\"og:url\" content=\"https:\/\/nausbcn.cat\/es\/\" \/>\n<meta property=\"og:site_name\" content=\"Naus Barcelona\" \/>\n<meta property=\"article:modified_time\" content=\"2024-06-13T13:20:27+00:00\" \/>\n<meta name=\"twitter:card\" content=\"summary_large_image\" \/>\n<meta name=\"twitter:label1\" content=\"Tiempo de lectura\" \/>\n\t<meta name=\"twitter:data1\" content=\"1 minuto\" \/>\n<script type=\"application\/ld+json\" class=\"yoast-schema-graph\">{\"@context\":\"https:\\\/\\\/schema.org\",\"@graph\":[{\"@type\":\"WebPage\",\"@id\":\"https:\\\/\\\/nausbcn.cat\\\/es\\\/\",\"url\":\"https:\\\/\\\/nausbcn.cat\\\/es\\\/\",\"name\":\"Inici - Naus Barcelona\",\"isPartOf\":{\"@id\":\"https:\\\/\\\/nausbcn.cat\\\/es\\\/#website\"},\"datePublished\":\"2021-01-14T14:22:27+00:00\",\"dateModified\":\"2024-06-13T13:20:27+00:00\",\"breadcrumb\":{\"@id\":\"https:\\\/\\\/nausbcn.cat\\\/es\\\/#breadcrumb\"},\"inLanguage\":\"es\",\"potentialAction\":[{\"@type\":\"ReadAction\",\"target\":[\"https:\\\/\\\/nausbcn.cat\\\/es\\\/\"]}]},{\"@type\":\"BreadcrumbList\",\"@id\":\"https:\\\/\\\/nausbcn.cat\\\/es\\\/#breadcrumb\",\"itemListElement\":[{\"@type\":\"ListItem\",\"position\":1,\"name\":\"Inici\",\"item\":\"https:\\\/\\\/nausbcn.cat\\\/es\\\/\"},{\"@type\":\"ListItem\",\"position\":2,\"name\":\"Inici\"}]},{\"@type\":\"WebSite\",\"@id\":\"https:\\\/\\\/nausbcn.cat\\\/es\\\/#website\",\"url\":\"https:\\\/\\\/nausbcn.cat\\\/es\\\/\",\"name\":\"Naus Barcelona\",\"description\":\"Nausbcn\",\"potentialAction\":[{\"@type\":\"SearchAction\",\"target\":{\"@type\":\"EntryPoint\",\"urlTemplate\":\"https:\\\/\\\/nausbcn.cat\\\/es\\\/?s={search_term_string}\"},\"query-input\":{\"@type\":\"PropertyValueSpecification\",\"valueRequired\":true,\"valueName\":\"search_term_string\"}}],\"inLanguage\":\"es\"}]}<\/script>\n<!-- \/ Yoast SEO plugin. -->","yoast_head_json":{"title":"Inici - Naus Barcelona","robots":{"index":"index","follow":"follow","max-snippet":"max-snippet:-1","max-image-preview":"max-image-preview:large","max-video-preview":"max-video-preview:-1"},"canonical":"https:\/\/nausbcn.cat\/es\/","og_locale":"es_ES","og_type":"article","og_title":"Inici - Naus Barcelona","og_description":"Desde 1989, nausbcn se ha establecido como una empresa familiar que destaca por su visi\u00f3n a largo plazo. Nuestra actividad principal es la compra de terrenos y la construcci\u00f3n de naves industriales y log\u00edsticas con criterios sostenibles. Mediante esta estrategia, deseamos contribuir a un desarrollo econ\u00f3mico respetuoso con el medio ambiente y la sociedad en [&hellip;]","og_url":"https:\/\/nausbcn.cat\/es\/","og_site_name":"Naus Barcelona","article_modified_time":"2024-06-13T13:20:27+00:00","twitter_card":"summary_large_image","twitter_misc":{"Tiempo de lectura":"1 minuto"},"schema":{"@context":"https:\/\/schema.org","@graph":[{"@type":"WebPage","@id":"https:\/\/nausbcn.cat\/es\/","url":"https:\/\/nausbcn.cat\/es\/","name":"Inici - Naus Barcelona","isPartOf":{"@id":"https:\/\/nausbcn.cat\/es\/#website"},"datePublished":"2021-01-14T14:22:27+00:00","dateModified":"2024-06-13T13:20:27+00:00","breadcrumb":{"@id":"https:\/\/nausbcn.cat\/es\/#breadcrumb"},"inLanguage":"es","potentialAction":[{"@type":"ReadAction","target":["https:\/\/nausbcn.cat\/es\/"]}]},{"@type":"BreadcrumbList","@id":"https:\/\/nausbcn.cat\/es\/#breadcrumb","itemListElement":[{"@type":"ListItem","position":1,"name":"Inici","item":"https:\/\/nausbcn.cat\/es\/"},{"@type":"ListItem","position":2,"name":"Inici"}]},{"@type":"WebSite","@id":"https:\/\/nausbcn.cat\/es\/#website","url":"https:\/\/nausbcn.cat\/es\/","name":"Naus Barcelona","description":"Nausbcn","potentialAction":[{"@type":"SearchAction","target":{"@type":"EntryPoint","urlTemplate":"https:\/\/nausbcn.cat\/es\/?s={search_term_string}"},"query-input":{"@type":"PropertyValueSpecification","valueRequired":true,"valueName":"search_term_string"}}],"inLanguage":"es"}]}},"_links":{"self":[{"href":"https:\/\/nausbcn.cat\/es\/wp-json\/wp\/v2\/pages\/142","targetHints":{"allow":["GET"]}}],"collection":[{"href":"https:\/\/nausbcn.cat\/es\/wp-json\/wp\/v2\/pages"}],"about":[{"href":"https:\/\/nausbcn.cat\/es\/wp-json\/wp\/v2\/types\/page"}],"author":[{"embeddable":true,"href":"https:\/\/nausbcn.cat\/es\/wp-json\/wp\/v2\/users\/1"}],"replies":[{"embeddable":true,"href":"https:\/\/nausbcn.cat\/es\/wp-json\/wp\/v2\/comments?post=142"}],"version-history":[{"count":12,"href":"https:\/\/nausbcn.cat\/es\/wp-json\/wp\/v2\/pages\/142\/revisions"}],"predecessor-version":[{"id":1680,"href":"https:\/\/nausbcn.cat\/es\/wp-json\/wp\/v2\/pages\/142\/revisions\/1680"}],"wp:attachment":[{"href":"https:\/\/nausbcn.cat\/es\/wp-json\/wp\/v2\/media?parent=142"}],"curies":[{"name":"wp","href":"https:\/\/api.w.org\/{rel}","templated":true}]}}